{"id":93,"date":"2025-10-09T00:52:12","date_gmt":"2025-10-08T22:52:12","guid":{"rendered":"https:\/\/fidgetzabawki.pl\/?page_id=93"},"modified":"2025-10-09T03:20:46","modified_gmt":"2025-10-09T01:20:46","slug":"elementor-93","status":"publish","type":"page","link":"https:\/\/fidgetzabawki.pl\/","title":{"rendered":""},"content":{"rendered":"\t\t<div data-elementor-type=\"wp-post\" data-elementor-id=\"93\" class=\"elementor elementor-93\">\n\t\t\t\t<div class=\"elementor-element elementor-element-f6cee0d animated-slow e-flex e-con-boxed elementor-invisible e-con e-parent\" data-id=\"f6cee0d\" data-element_type=\"container\" data-settings=\"{&quot;background_background&quot;:&quot;classic&quot;,&quot;shape_divider_top&quot;:&quot;mountains&quot;,&quot;shape_divider_bottom&quot;:&quot;mountains&quot;,&quot;animation&quot;:&quot;fadeInDown&quot;,&quot;animation_delay&quot;:1000}\">\n\t\t\t\t\t<div class=\"e-con-inner\">\n\t\t\t\t<div class=\"elementor-shape elementor-shape-top\" aria-hidden=\"true\" data-negative=\"false\">\n\t\t\t<svg xmlns=\"http:\/\/www.w3.org\/2000\/svg\" viewBox=\"0 0 1000 100\" preserveAspectRatio=\"none\">\n\t<path class=\"elementor-shape-fill\" opacity=\"0.33\" d=\"M473,67.3c-203.9,88.3-263.1-34-320.3,0C66,119.1,0,59.7,0,59.7V0h1000v59.7 c0,0-62.1,26.1-94.9,29.3c-32.8,3.3-62.8-12.3-75.8-22.1C806,49.6,745.3,8.7,694.9,4.7S492.4,59,473,67.3z\"\/>\n\t<path class=\"elementor-shape-fill\" opacity=\"0.66\" d=\"M734,67.3c-45.5,0-77.2-23.2-129.1-39.1c-28.6-8.7-150.3-10.1-254,39.1 s-91.7-34.4-149.2,0C115.7,118.3,0,39.8,0,39.8V0h1000v36.5c0,0-28.2-18.5-92.1-18.5C810.2,18.1,775.7,67.3,734,67.3z\"\/>\n\t<path class=\"elementor-shape-fill\" d=\"M766.1,28.9c-200-57.5-266,65.5-395.1,19.5C242,1.8,242,5.4,184.8,20.6C128,35.8,132.3,44.9,89.9,52.5C28.6,63.7,0,0,0,0 h1000c0,0-9.9,40.9-83.6,48.1S829.6,47,766.1,28.9z\"\/>\n<\/svg>\t\t<\/div>\n\t\t\t\t<div class=\"elementor-shape elementor-shape-bottom\" aria-hidden=\"true\" data-negative=\"false\">\n\t\t\t<svg xmlns=\"http:\/\/www.w3.org\/2000\/svg\" viewBox=\"0 0 1000 100\" preserveAspectRatio=\"none\">\n\t<path class=\"elementor-shape-fill\" opacity=\"0.33\" d=\"M473,67.3c-203.9,88.3-263.1-34-320.3,0C66,119.1,0,59.7,0,59.7V0h1000v59.7 c0,0-62.1,26.1-94.9,29.3c-32.8,3.3-62.8-12.3-75.8-22.1C806,49.6,745.3,8.7,694.9,4.7S492.4,59,473,67.3z\"\/>\n\t<path class=\"elementor-shape-fill\" opacity=\"0.66\" d=\"M734,67.3c-45.5,0-77.2-23.2-129.1-39.1c-28.6-8.7-150.3-10.1-254,39.1 s-91.7-34.4-149.2,0C115.7,118.3,0,39.8,0,39.8V0h1000v36.5c0,0-28.2-18.5-92.1-18.5C810.2,18.1,775.7,67.3,734,67.3z\"\/>\n\t<path class=\"elementor-shape-fill\" d=\"M766.1,28.9c-200-57.5-266,65.5-395.1,19.5C242,1.8,242,5.4,184.8,20.6C128,35.8,132.3,44.9,89.9,52.5C28.6,63.7,0,0,0,0 h1000c0,0-9.9,40.9-83.6,48.1S829.6,47,766.1,28.9z\"\/>\n<\/svg>\t\t<\/div>\n\t\t\t\t<div class=\"elementor-element elementor-element-465b76c elementor-widget elementor-widget-heading\" data-id=\"465b76c\" data-element_type=\"widget\" data-widget_type=\"heading.default\">\n\t\t\t\t\t<h2 class=\"elementor-heading-title elementor-size-default\">Skup si\u0119 na tym, co wa\u017cne<\/h2>\t\t\t\t<\/div>\n\t\t\t\t<div class=\"elementor-element elementor-element-9a0f252 elementor-widget__width-initial elementor-widget elementor-widget-text-editor\" data-id=\"9a0f252\" data-element_type=\"widget\" data-widget_type=\"text-editor.default\">\n\t\t\t\t\t\t\t\t\t<p>Nasze sensoryczne zabawki redukuj\u0105 stres i rozproszenie, pomagaj\u0105c Ci wej\u015b\u0107 w stan flow w kilka sekund.<\/p>\t\t\t\t\t\t\t\t<\/div>\n\t\t\t\t<div class=\"elementor-element elementor-element-f099367 elementor-widget elementor-widget-text-editor\" data-id=\"f099367\" data-element_type=\"widget\" data-widget_type=\"text-editor.default\">\n\t\t\t\t\t\t\t\t\t<p>Odkryj fidgety, kt\u00f3re wspieraj\u0105 koncentracj\u0119 i redukuj\u0105 stres. Tysi\u0105ce d\u0142oni ju\u017c klikaj\u0105<\/p>\t\t\t\t\t\t\t\t<\/div>\n\t\t\t\t<div class=\"elementor-element elementor-element-fb1045c elementor-align-center elementor-widget elementor-widget-button\" data-id=\"fb1045c\" data-element_type=\"widget\" data-widget_type=\"button.default\">\n\t\t\t\t\t\t\t\t\t\t<a class=\"elementor-button elementor-button-link elementor-size-sm\" href=\"#\">\n\t\t\t\t\t\t<span class=\"elementor-button-content-wrapper\">\n\t\t\t\t\t\t\t\t\t<span class=\"elementor-button-text\">Do\u0142\u0105cz do nich ju\u017c teraz<\/span>\n\t\t\t\t\t<\/span>\n\t\t\t\t\t<\/a>\n\t\t\t\t\t\t\t\t<\/div>\n\t\t\t\t\t<\/div>\n\t\t\t\t<\/div>\n\t\t<div class=\"elementor-element elementor-element-0ae16b1 e-flex e-con-boxed e-con e-parent\" data-id=\"0ae16b1\" data-element_type=\"container\">\n\t\t\t\t\t<div class=\"e-con-inner\">\n\t\t\t\t<div class=\"elementor-element elementor-element-392b2e3 elementor-widget elementor-widget-heading\" data-id=\"392b2e3\" data-element_type=\"widget\" data-widget_type=\"heading.default\">\n\t\t\t\t\t<h2 class=\"elementor-heading-title elementor-size-default\">\ud83d\udd25 BESTSELLERY \ud83d\udd25<\/h2>\t\t\t\t<\/div>\n\t\t\t\t<div class=\"elementor-element elementor-element-9002e2b elementor-widget elementor-widget-html\" data-id=\"9002e2b\" data-element_type=\"widget\" data-widget_type=\"html.default\">\n\t\t\t\t\t<div class=\"woocommerce columns-4 \"><ul class=\"products columns-4\">\n<li class=\"desktop-align-left tablet-align-left mobile-align-left product type-product post-120 status-publish first instock product_cat-bestsellers has-post-thumbnail sale shipping-taxable purchasable product-type-simple\">\n\t<a href=\"https:\/\/fidgetzabawki.pl\/?product=kostka-focus%c2%b3-sensoryczny-szescian-do-klikania-i-skupienia\" class=\"woocommerce-LoopProduct-link woocommerce-loop-product__link\">\n\t\n\t<img fetchpriority=\"high\" decoding=\"async\" width=\"300\" height=\"300\" src=\"https:\/\/fidgetzabawki.pl\/wp-content\/uploads\/2025\/10\/1-300x300.png\" class=\"attachment-woocommerce_thumbnail size-woocommerce_thumbnail\" alt=\"Kostka FOCUS\u00b3 \u2013 sensoryczny sze\u015bcian do klikania i skupienia\" srcset=\"https:\/\/fidgetzabawki.pl\/wp-content\/uploads\/2025\/10\/1-300x300.png 300w, https:\/\/fidgetzabawki.pl\/wp-content\/uploads\/2025\/10\/1-150x150.png 150w, https:\/\/fidgetzabawki.pl\/wp-content\/uploads\/2025\/10\/1-768x768.png 768w, https:\/\/fidgetzabawki.pl\/wp-content\/uploads\/2025\/10\/1-600x600.png 600w, https:\/\/fidgetzabawki.pl\/wp-content\/uploads\/2025\/10\/1-100x100.png 100w, https:\/\/fidgetzabawki.pl\/wp-content\/uploads\/2025\/10\/1.png 800w\" sizes=\"(max-width: 300px) 100vw, 300px\" \/><h2 class=\"woocommerce-loop-product__title\">Kostka FOCUS\u00b3 \u2013 sensoryczny sze\u015bcian do klikania i skupienia<\/h2><div class=\"review-rating\"><div class=\"star-rating\"><span style=\"width:0%\">Rated <strong class=\"rating\">0<\/strong> out of 5<\/span><\/div><\/div>\n\t<span class=\"price\"><del aria-hidden=\"true\"><span class=\"woocommerce-Price-amount amount\"><bdi>79,00&nbsp;<span class=\"woocommerce-Price-currencySymbol\">&#122;&#322;<\/span><\/bdi><\/span><\/del> <span class=\"screen-reader-text\">Original price was: 79,00&nbsp;&#122;&#322;.<\/span><ins aria-hidden=\"true\"><span class=\"woocommerce-Price-amount amount\"><bdi>39,00&nbsp;<span class=\"woocommerce-Price-currencySymbol\">&#122;&#322;<\/span><\/bdi><\/span><\/ins><span class=\"screen-reader-text\">Current price is: 39,00&nbsp;&#122;&#322;.<\/span><\/span>\n<\/a><span  class=\"ast-on-card-button ast-onsale-card\" data-notification=\"default\">Sale!<\/span><a href=\"\/index.php?rest_route=%2Fwp%2Fv2%2Fpages%2F93&#038;add-to-cart=120\" data-quantity=\"1\" class=\"ast-on-card-button ast-select-options-trigger product_type_simple add_to_cart_button ajax_add_to_cart\" data-product_id=\"120\" data-product_sku=\"\" aria-label=\"Add to cart: &ldquo;Kostka FOCUS\u00b3 \u2013 sensoryczny sze\u015bcian do klikania i skupienia&rdquo;\" rel=\"nofollow\"> <span class=\"ast-card-action-tooltip\"> Add to cart <\/span> <span class=\"ahfb-svg-iconset\"> <span class=\"ast-icon icon-bag\"><svg xmlns=\"http:\/\/www.w3.org\/2000\/svg\" xmlns:xlink=\"http:\/\/www.w3.org\/1999\/xlink\" version=\"1.1\" id=\"ast-bag-icon-svg\" x=\"0px\" y=\"0px\" width=\"100\" height=\"100\" viewBox=\"826 826 140 140\" enable-background=\"new 826 826 140 140\" xml:space=\"preserve\">\n\t\t\t\t<path d=\"M960.758,934.509l2.632,23.541c0.15,1.403-0.25,2.657-1.203,3.761c-0.953,1.053-2.156,1.579-3.61,1.579H833.424  c-1.454,0-2.657-0.526-3.61-1.579c-0.952-1.104-1.354-2.357-1.203-3.761l2.632-23.541H960.758z M953.763,871.405l6.468,58.29H831.77  l6.468-58.29c0.15-1.203,0.677-2.218,1.58-3.045c0.903-0.827,1.981-1.241,3.234-1.241h19.254v9.627c0,2.658,0.94,4.927,2.82,6.807  s4.149,2.82,6.807,2.82c2.658,0,4.926-0.94,6.807-2.82s2.821-4.149,2.821-6.807v-9.627h28.882v9.627  c0,2.658,0.939,4.927,2.819,6.807c1.881,1.88,4.149,2.82,6.807,2.82s4.927-0.94,6.808-2.82c1.879-1.88,2.82-4.149,2.82-6.807v-9.627  h19.253c1.255,0,2.332,0.414,3.235,1.241C953.086,869.187,953.612,870.202,953.763,871.405z M924.881,857.492v19.254  c0,1.304-0.476,2.432-1.429,3.385s-2.08,1.429-3.385,1.429c-1.303,0-2.432-0.477-3.384-1.429c-0.953-0.953-1.43-2.081-1.43-3.385  v-19.254c0-5.315-1.881-9.853-5.641-13.613c-3.76-3.761-8.298-5.641-13.613-5.641s-9.853,1.88-13.613,5.641  c-3.761,3.76-5.641,8.298-5.641,13.613v19.254c0,1.304-0.476,2.432-1.429,3.385c-0.953,0.953-2.081,1.429-3.385,1.429  c-1.303,0-2.432-0.477-3.384-1.429c-0.953-0.953-1.429-2.081-1.429-3.385v-19.254c0-7.973,2.821-14.779,8.461-20.42  c5.641-5.641,12.448-8.461,20.42-8.461c7.973,0,14.779,2.82,20.42,8.461C922.062,842.712,924.881,849.519,924.881,857.492z\" \/>\n\t\t\t\t<\/svg><\/span> <\/span> <\/a><a href=\"\/index.php?rest_route=%2Fwp%2Fv2%2Fpages%2F93&#038;add-to-cart=120\" aria-describedby=\"woocommerce_loop_add_to_cart_link_describedby_120\" data-quantity=\"1\" class=\"button product_type_simple add_to_cart_button ajax_add_to_cart\" data-product_id=\"120\" data-product_sku=\"\" aria-label=\"Add to cart: &ldquo;Kostka FOCUS\u00b3 \u2013 sensoryczny sze\u015bcian do klikania i skupienia&rdquo;\" rel=\"nofollow\" data-success_message=\"&ldquo;Kostka FOCUS\u00b3 \u2013 sensoryczny sze\u015bcian do klikania i skupienia&rdquo; has been added to your cart\" role=\"button\">Add to cart<\/a>\t<span id=\"woocommerce_loop_add_to_cart_link_describedby_120\" class=\"screen-reader-text\">\n\t\t\t<\/span>\n<\/li>\n<\/ul>\n<\/div>\t\t\t\t<\/div>\n\t\t\t\t\t<\/div>\n\t\t\t\t<\/div>\n\t\t\t\t<\/div>\n\t\t","protected":false},"excerpt":{"rendered":"<p>Skup si\u0119 na tym, co wa\u017cne Nasze sensoryczne zabawki redukuj\u0105 stres i rozproszenie, pomagaj\u0105c Ci wej\u015b\u0107 w stan flow w [&hellip;]<\/p>\n","protected":false},"author":1,"featured_media":0,"parent":0,"menu_order":0,"comment_status":"closed","ping_status":"closed","template":"","meta":{"site-sidebar-layout":"no-sidebar","site-content-layout":"","ast-site-content-layout":"full-width-container","site-content-style":"default","site-sidebar-style":"default","ast-global-header-display":"","ast-banner-title-visibility":"","ast-main-header-display":"","ast-hfb-above-header-display":"","ast-hfb-below-header-display":"","ast-hfb-mobile-header-display":"","site-post-title":"","ast-breadcrumbs-content":"","ast-featured-img":"disabled","footer-sml-layout":"","theme-transparent-header-meta":"","adv-header-id-meta":"","stick-header-meta":"","header-above-stick-meta":"","header-main-stick-meta":"","header-below-stick-meta":"","astra-migrate-meta-layouts":"default","ast-page-background-enabled":"default","ast-page-background-meta":{"desktop":{"background-color":"var(--ast-global-color-5)","background-image":"","background-repeat":"repeat","background-position":"center center","background-size":"auto","background-attachment":"scroll","background-type":"","background-media":"","overlay-type":"","overlay-color":"","overlay-opacity":"","overlay-gradient":""},"tablet":{"background-color":"","background-image":"","background-repeat":"repeat","background-position":"center center","background-size":"auto","background-attachment":"scroll","background-type":"","background-media":"","overlay-type":"","overlay-color":"","overlay-opacity":"","overlay-gradient":""},"mobile":{"background-color":"","background-image":"","background-repeat":"repeat","background-position":"center center","background-size":"auto","background-attachment":"scroll","background-type":"","background-media":"","overlay-type":"","overlay-color":"","overlay-opacity":"","overlay-gradient":""}},"ast-content-background-meta":{"desktop":{"background-color":"var(--ast-global-color-4)","background-image":"","background-repeat":"repeat","background-position":"center center","background-size":"auto","background-attachment":"scroll","background-type":"","background-media":"","overlay-type":"","overlay-color":"","overlay-opacity":"","overlay-gradient":""},"tablet":{"background-color":"var(--ast-global-color-4)","background-image":"","background-repeat":"repeat","background-position":"center center","background-size":"auto","background-attachment":"scroll","background-type":"","background-media":"","overlay-type":"","overlay-color":"","overlay-opacity":"","overlay-gradient":""},"mobile":{"background-color":"var(--ast-global-color-4)","background-image":"","background-repeat":"repeat","background-position":"center center","background-size":"auto","background-attachment":"scroll","background-type":"","background-media":"","overlay-type":"","overlay-color":"","overlay-opacity":"","overlay-gradient":""}},"footnotes":""},"class_list":["post-93","page","type-page","status-publish","hentry"],"post-meta":{"_elementor_edit_mode":["builder"],"_elementor_template_type":["wp-post"],"_elementor_version":["3.32.4"],"_astra_content_layout_flag":["disabled"],"ast-title-bar-display":["disabled"],"ast-featured-img":["disabled"],"ast-site-content-layout":["full-width-container"],"site-sidebar-layout":["no-sidebar"],"_edit_lock":["1760031431:1"],"_wp_page_template":["default"],"_elementor_data":["[{\"id\":\"f6cee0d\",\"elType\":\"container\",\"settings\":{\"flex_direction\":\"column\",\"min_height\":{\"unit\":\"vh\",\"size\":100,\"sizes\":[]},\"min_height_tablet\":{\"unit\":\"vh\",\"size\":\"\",\"sizes\":[]},\"min_height_mobile\":{\"unit\":\"vh\",\"size\":\"\",\"sizes\":[]},\"flex_justify_content\":\"center\",\"background_background\":\"classic\",\"background_color\":\"#B1FFFE\",\"background_image\":{\"url\":\"https:\\\/\\\/fidgetzabawki.pl\\\/wp-content\\\/uploads\\\/2025\\\/10\\\/ChatGPT-Image-9-paz-2025-02_42_29.png\",\"id\":107,\"size\":\"\",\"alt\":\"\",\"source\":\"library\"},\"background_attachment\":\"fixed\",\"background_size\":\"cover\",\"background_hover_background\":\"classic\",\"background_hover_color\":\"#8181817D\",\"background_hover_transition\":{\"unit\":\"px\",\"size\":0,\"sizes\":[]},\"shape_divider_top\":\"mountains\",\"shape_divider_top_color\":\"#92C5FFAB\",\"shape_divider_bottom\":\"mountains\",\"shape_divider_bottom_color\":\"#92C5FFAB\",\"animation\":\"fadeInDown\",\"animation_duration\":\"slow\",\"animation_delay\":1000},\"elements\":[{\"id\":\"465b76c\",\"elType\":\"widget\",\"settings\":{\"title\":\"Skup si\\u0119 na tym, co wa\\u017cne\",\"align\":\"center\",\"typography_typography\":\"custom\",\"typography_font_family\":\"Archivo Black\",\"typography_font_size\":{\"unit\":\"px\",\"size\":62,\"sizes\":[]},\"text_stroke_text_stroke_type\":\"yes\",\"text_stroke_text_stroke\":{\"unit\":\"px\",\"size\":0,\"sizes\":[]},\"text_shadow_text_shadow_type\":\"yes\",\"text_shadow_text_shadow\":{\"horizontal\":0,\"vertical\":0,\"blur\":0,\"color\":\"rgba(0,0,0,0.3)\"},\"title_color\":\"#3D7AF3BF\",\"_flex_align_self\":\"center\"},\"elements\":[],\"widgetType\":\"heading\"},{\"id\":\"9a0f252\",\"elType\":\"widget\",\"settings\":{\"editor\":\"<p>Nasze sensoryczne zabawki redukuj\\u0105 stres i rozproszenie, pomagaj\\u0105c Ci wej\\u015b\\u0107 w stan flow w kilka sekund.<\\\/p>\",\"column_gap\":{\"unit\":\"px\",\"size\":0,\"sizes\":[]},\"align\":\"center\",\"text_color\":\"#78777A\",\"_element_width\":\"initial\",\"_element_custom_width\":{\"unit\":\"%\",\"size\":37,\"sizes\":[]},\"_flex_align_self\":\"center\"},\"elements\":[],\"widgetType\":\"text-editor\"},{\"id\":\"f099367\",\"elType\":\"widget\",\"settings\":{\"editor\":\"<p>Odkryj fidgety, kt\\u00f3re wspieraj\\u0105 koncentracj\\u0119 i redukuj\\u0105 stres. Tysi\\u0105ce d\\u0142oni ju\\u017c klikaj\\u0105<\\\/p>\",\"align\":\"center\",\"typography_typography\":\"custom\",\"typography_font_family\":\"Amethysta\",\"typography_font_size\":{\"unit\":\"px\",\"size\":17,\"sizes\":[]},\"text_color\":\"#6B6B6B\"},\"elements\":[],\"widgetType\":\"text-editor\"},{\"id\":\"fb1045c\",\"elType\":\"widget\",\"settings\":{\"text\":\"Do\\u0142\\u0105cz do nich ju\\u017c teraz\",\"align\":\"center\",\"button_text_color\":\"#686565\",\"background_color\":\"#B1FD9D\",\"hover_color\":\"#FFFFFF\",\"button_background_hover_color\":\"#05A10C\",\"button_hover_transition_duration\":{\"unit\":\"s\",\"size\":1,\"sizes\":[]}},\"elements\":[],\"widgetType\":\"button\"}],\"isInner\":false},{\"id\":\"0ae16b1\",\"elType\":\"container\",\"settings\":{\"flex_direction\":\"column\"},\"elements\":[{\"id\":\"392b2e3\",\"elType\":\"widget\",\"settings\":{\"title\":\"\\ud83d\\udd25 BESTSELLERY \\ud83d\\udd25\",\"align\":\"center\"},\"elements\":[],\"widgetType\":\"heading\"},{\"id\":\"9002e2b\",\"elType\":\"widget\",\"settings\":{\"html\":\"[products category=\\\"bestsellers\\\" limit=\\\"12\\\" columns=\\\"4\\\" orderby=\\\"date\\\" order=\\\"DESC\\\"]\"},\"elements\":[],\"widgetType\":\"html\"}],\"isInner\":false}]"],"_elementor_page_settings":["a:0:{}"],"_elementor_controls_usage":["a:5:{s:7:\"heading\";a:3:{s:5:\"count\";i:2;s:15:\"control_percent\";i:1;s:8:\"controls\";a:3:{s:7:\"content\";a:1:{s:13:\"section_title\";a:1:{s:5:\"title\";i:2;}}s:5:\"style\";a:1:{s:19:\"section_title_style\";a:9:{s:5:\"align\";i:2;s:21:\"typography_typography\";i:1;s:22:\"typography_font_family\";i:1;s:20:\"typography_font_size\";i:1;s:28:\"text_stroke_text_stroke_type\";i:1;s:23:\"text_stroke_text_stroke\";i:1;s:28:\"text_shadow_text_shadow_type\";i:1;s:23:\"text_shadow_text_shadow\";i:1;s:11:\"title_color\";i:1;}}s:8:\"advanced\";a:1:{s:14:\"_section_style\";a:1:{s:16:\"_flex_align_self\";i:1;}}}}s:11:\"text-editor\";a:3:{s:5:\"count\";i:2;s:15:\"control_percent\";i:2;s:8:\"controls\";a:3:{s:7:\"content\";a:1:{s:14:\"section_editor\";a:2:{s:6:\"editor\";i:2;s:10:\"column_gap\";i:1;}}s:5:\"style\";a:1:{s:13:\"section_style\";a:5:{s:5:\"align\";i:2;s:10:\"text_color\";i:2;s:21:\"typography_typography\";i:1;s:22:\"typography_font_family\";i:1;s:20:\"typography_font_size\";i:1;}}s:8:\"advanced\";a:1:{s:14:\"_section_style\";a:3:{s:14:\"_element_width\";i:1;s:21:\"_element_custom_width\";i:1;s:16:\"_flex_align_self\";i:1;}}}}s:6:\"button\";a:3:{s:5:\"count\";i:1;s:15:\"control_percent\";i:2;s:8:\"controls\";a:2:{s:7:\"content\";a:1:{s:14:\"section_button\";a:1:{s:4:\"text\";i:1;}}s:5:\"style\";a:1:{s:13:\"section_style\";a:6:{s:5:\"align\";i:1;s:17:\"button_text_color\";i:1;s:16:\"background_color\";i:1;s:11:\"hover_color\";i:1;s:29:\"button_background_hover_color\";i:1;s:32:\"button_hover_transition_duration\";i:1;}}}}s:9:\"container\";a:3:{s:5:\"count\";i:2;s:15:\"control_percent\";i:0;s:8:\"controls\";a:3:{s:6:\"layout\";a:1:{s:24:\"section_layout_container\";a:3:{s:14:\"flex_direction\";i:2;s:10:\"min_height\";i:1;s:20:\"flex_justify_content\";i:1;}}s:5:\"style\";a:2:{s:18:\"section_background\";a:8:{s:21:\"background_background\";i:1;s:16:\"background_color\";i:1;s:16:\"background_image\";i:1;s:21:\"background_attachment\";i:1;s:15:\"background_size\";i:1;s:27:\"background_hover_background\";i:1;s:22:\"background_hover_color\";i:1;s:27:\"background_hover_transition\";i:1;}s:21:\"section_shape_divider\";a:4:{s:17:\"shape_divider_top\";i:1;s:23:\"shape_divider_top_color\";i:1;s:20:\"shape_divider_bottom\";i:1;s:26:\"shape_divider_bottom_color\";i:1;}}s:8:\"advanced\";a:1:{s:15:\"section_effects\";a:3:{s:9:\"animation\";i:1;s:18:\"animation_duration\";i:1;s:15:\"animation_delay\";i:1;}}}}s:4:\"html\";a:3:{s:5:\"count\";i:1;s:15:\"control_percent\";i:0;s:8:\"controls\";a:1:{s:7:\"content\";a:1:{s:13:\"section_title\";a:1:{s:4:\"html\";i:1;}}}}}"],"_elementor_page_assets":["a:2:{s:6:\"styles\";a:3:{i:0;s:14:\"widget-heading\";i:1;s:8:\"e-shapes\";i:2;s:22:\"e-animation-fadeInDown\";}s:7:\"scripts\";a:1:{i:0;s:18:\"elementor-frontend\";}}"],"_elementor_css":["a:6:{s:4:\"time\";i:1775098801;s:5:\"fonts\";a:2:{i:0;s:13:\"Archivo Black\";i:1;s:9:\"Amethysta\";}s:5:\"icons\";a:1:{i:0;s:0:\"\";}s:20:\"dynamic_elements_ids\";a:0:{}s:6:\"status\";s:4:\"file\";i:0;s:0:\"\";}"],"_elementor_element_cache":["{\"timeout\":1775651005,\"value\":{\"content\":\"<div class=\\\"elementor-element elementor-element-f6cee0d animated-slow e-flex e-con-boxed elementor-invisible e-con e-parent\\\" data-id=\\\"f6cee0d\\\" data-element_type=\\\"container\\\" data-settings=\\\"{&quot;background_background&quot;:&quot;classic&quot;,&quot;shape_divider_top&quot;:&quot;mountains&quot;,&quot;shape_divider_bottom&quot;:&quot;mountains&quot;,&quot;animation&quot;:&quot;fadeInDown&quot;,&quot;animation_delay&quot;:1000}\\\">\\n\\t\\t\\t\\t\\t<div class=\\\"e-con-inner\\\">\\n\\t\\t\\t\\t<div class=\\\"elementor-shape elementor-shape-top\\\" aria-hidden=\\\"true\\\" data-negative=\\\"false\\\">\\n\\t\\t\\t<svg xmlns=\\\"http:\\\/\\\/www.w3.org\\\/2000\\\/svg\\\" viewBox=\\\"0 0 1000 100\\\" preserveAspectRatio=\\\"none\\\">\\n\\t<path class=\\\"elementor-shape-fill\\\" opacity=\\\"0.33\\\" d=\\\"M473,67.3c-203.9,88.3-263.1-34-320.3,0C66,119.1,0,59.7,0,59.7V0h1000v59.7 c0,0-62.1,26.1-94.9,29.3c-32.8,3.3-62.8-12.3-75.8-22.1C806,49.6,745.3,8.7,694.9,4.7S492.4,59,473,67.3z\\\"\\\/>\\n\\t<path class=\\\"elementor-shape-fill\\\" opacity=\\\"0.66\\\" d=\\\"M734,67.3c-45.5,0-77.2-23.2-129.1-39.1c-28.6-8.7-150.3-10.1-254,39.1 s-91.7-34.4-149.2,0C115.7,118.3,0,39.8,0,39.8V0h1000v36.5c0,0-28.2-18.5-92.1-18.5C810.2,18.1,775.7,67.3,734,67.3z\\\"\\\/>\\n\\t<path class=\\\"elementor-shape-fill\\\" d=\\\"M766.1,28.9c-200-57.5-266,65.5-395.1,19.5C242,1.8,242,5.4,184.8,20.6C128,35.8,132.3,44.9,89.9,52.5C28.6,63.7,0,0,0,0 h1000c0,0-9.9,40.9-83.6,48.1S829.6,47,766.1,28.9z\\\"\\\/>\\n<\\\/svg>\\t\\t<\\\/div>\\n\\t\\t\\t\\t<div class=\\\"elementor-shape elementor-shape-bottom\\\" aria-hidden=\\\"true\\\" data-negative=\\\"false\\\">\\n\\t\\t\\t<svg xmlns=\\\"http:\\\/\\\/www.w3.org\\\/2000\\\/svg\\\" viewBox=\\\"0 0 1000 100\\\" preserveAspectRatio=\\\"none\\\">\\n\\t<path class=\\\"elementor-shape-fill\\\" opacity=\\\"0.33\\\" d=\\\"M473,67.3c-203.9,88.3-263.1-34-320.3,0C66,119.1,0,59.7,0,59.7V0h1000v59.7 c0,0-62.1,26.1-94.9,29.3c-32.8,3.3-62.8-12.3-75.8-22.1C806,49.6,745.3,8.7,694.9,4.7S492.4,59,473,67.3z\\\"\\\/>\\n\\t<path class=\\\"elementor-shape-fill\\\" opacity=\\\"0.66\\\" d=\\\"M734,67.3c-45.5,0-77.2-23.2-129.1-39.1c-28.6-8.7-150.3-10.1-254,39.1 s-91.7-34.4-149.2,0C115.7,118.3,0,39.8,0,39.8V0h1000v36.5c0,0-28.2-18.5-92.1-18.5C810.2,18.1,775.7,67.3,734,67.3z\\\"\\\/>\\n\\t<path class=\\\"elementor-shape-fill\\\" d=\\\"M766.1,28.9c-200-57.5-266,65.5-395.1,19.5C242,1.8,242,5.4,184.8,20.6C128,35.8,132.3,44.9,89.9,52.5C28.6,63.7,0,0,0,0 h1000c0,0-9.9,40.9-83.6,48.1S829.6,47,766.1,28.9z\\\"\\\/>\\n<\\\/svg>\\t\\t<\\\/div>\\n\\t\\t\\t\\t<div class=\\\"elementor-element elementor-element-465b76c elementor-widget elementor-widget-heading\\\" data-id=\\\"465b76c\\\" data-element_type=\\\"widget\\\" data-widget_type=\\\"heading.default\\\">\\n\\t\\t\\t\\t\\t<h2 class=\\\"elementor-heading-title elementor-size-default\\\">Skup si\\u0119 na tym, co wa\\u017cne<\\\/h2>\\t\\t\\t\\t<\\\/div>\\n\\t\\t[elementor-element k=\\\"4197b7cb120a0041041257e4d4e5d22f\\\" data=\\\"eyJpZCI6IjlhMGYyNTIiLCJlbFR5cGUiOiJ3aWRnZXQiLCJzZXR0aW5ncyI6eyJlZGl0b3IiOiI8cD5OYXN6ZSBzZW5zb3J5Y3puZSB6YWJhd2tpIHJlZHVrdWpcdTAxMDUgc3RyZXMgaSByb3pwcm9zemVuaWUsIHBvbWFnYWpcdTAxMDVjIENpIHdlalx1MDE1Ylx1MDEwNyB3IHN0YW4gZmxvdyB3IGtpbGthIHNla3VuZC48XC9wPiIsImNvbHVtbl9nYXAiOnsidW5pdCI6InB4Iiwic2l6ZSI6MCwic2l6ZXMiOltdfSwiYWxpZ24iOiJjZW50ZXIiLCJ0ZXh0X2NvbG9yIjoiIzc4Nzc3QSIsIl9lbGVtZW50X3dpZHRoIjoiaW5pdGlhbCIsIl9lbGVtZW50X2N1c3RvbV93aWR0aCI6eyJ1bml0IjoiJSIsInNpemUiOjM3LCJzaXplcyI6W119LCJfZmxleF9hbGlnbl9zZWxmIjoiY2VudGVyIn0sImVsZW1lbnRzIjpbXSwid2lkZ2V0VHlwZSI6InRleHQtZWRpdG9yIn0=\\\"][elementor-element k=\\\"4197b7cb120a0041041257e4d4e5d22f\\\" data=\\\"eyJpZCI6ImYwOTkzNjciLCJlbFR5cGUiOiJ3aWRnZXQiLCJzZXR0aW5ncyI6eyJlZGl0b3IiOiI8cD5PZGtyeWogZmlkZ2V0eSwga3RcdTAwZjNyZSB3c3BpZXJhalx1MDEwNSBrb25jZW50cmFjalx1MDExOSBpIHJlZHVrdWpcdTAxMDUgc3RyZXMuIFR5c2lcdTAxMDVjZSBkXHUwMTQyb25pIGp1XHUwMTdjIGtsaWthalx1MDEwNTxcL3A+IiwiYWxpZ24iOiJjZW50ZXIiLCJ0eXBvZ3JhcGh5X3R5cG9ncmFwaHkiOiJjdXN0b20iLCJ0eXBvZ3JhcGh5X2ZvbnRfZmFtaWx5IjoiQW1ldGh5c3RhIiwidHlwb2dyYXBoeV9mb250X3NpemUiOnsidW5pdCI6InB4Iiwic2l6ZSI6MTcsInNpemVzIjpbXX0sInRleHRfY29sb3IiOiIjNkI2QjZCIn0sImVsZW1lbnRzIjpbXSwid2lkZ2V0VHlwZSI6InRleHQtZWRpdG9yIn0=\\\"]\\t\\t<div class=\\\"elementor-element elementor-element-fb1045c elementor-align-center elementor-widget elementor-widget-button\\\" data-id=\\\"fb1045c\\\" data-element_type=\\\"widget\\\" data-widget_type=\\\"button.default\\\">\\n\\t\\t\\t\\t\\t\\t\\t\\t\\t\\t<a class=\\\"elementor-button elementor-button-link elementor-size-sm\\\" href=\\\"#\\\">\\n\\t\\t\\t\\t\\t\\t<span class=\\\"elementor-button-content-wrapper\\\">\\n\\t\\t\\t\\t\\t\\t\\t\\t\\t<span class=\\\"elementor-button-text\\\">Do\\u0142\\u0105cz do nich ju\\u017c teraz<\\\/span>\\n\\t\\t\\t\\t\\t<\\\/span>\\n\\t\\t\\t\\t\\t<\\\/a>\\n\\t\\t\\t\\t\\t\\t\\t\\t<\\\/div>\\n\\t\\t\\t\\t\\t<\\\/div>\\n\\t\\t\\t\\t<\\\/div>\\n\\t\\t<div class=\\\"elementor-element elementor-element-0ae16b1 e-flex e-con-boxed e-con e-parent\\\" data-id=\\\"0ae16b1\\\" data-element_type=\\\"container\\\">\\n\\t\\t\\t\\t\\t<div class=\\\"e-con-inner\\\">\\n\\t\\t\\t\\t<div class=\\\"elementor-element elementor-element-392b2e3 elementor-widget elementor-widget-heading\\\" data-id=\\\"392b2e3\\\" data-element_type=\\\"widget\\\" data-widget_type=\\\"heading.default\\\">\\n\\t\\t\\t\\t\\t<h2 class=\\\"elementor-heading-title elementor-size-default\\\">\\ud83d\\udd25 BESTSELLERY \\ud83d\\udd25<\\\/h2>\\t\\t\\t\\t<\\\/div>\\n\\t\\t\\t\\t<div class=\\\"elementor-element elementor-element-9002e2b elementor-widget elementor-widget-html\\\" data-id=\\\"9002e2b\\\" data-element_type=\\\"widget\\\" data-widget_type=\\\"html.default\\\">\\n\\t\\t\\t\\t\\t[products category=\\\"bestsellers\\\" limit=\\\"12\\\" columns=\\\"4\\\" orderby=\\\"date\\\" order=\\\"DESC\\\"]\\t\\t\\t\\t<\\\/div>\\n\\t\\t\\t\\t\\t<\\\/div>\\n\\t\\t\\t\\t<\\\/div>\\n\\t\\t\",\"scripts\":[],\"styles\":[\"e-shapes\",\"e-animation-fadeInDown\"]}}"]},"_links":{"self":[{"href":"https:\/\/fidgetzabawki.pl\/index.php?rest_route=\/wp\/v2\/pages\/93","targetHints":{"allow":["GET"]}}],"collection":[{"href":"https:\/\/fidgetzabawki.pl\/index.php?rest_route=\/wp\/v2\/pages"}],"about":[{"href":"https:\/\/fidgetzabawki.pl\/index.php?rest_route=\/wp\/v2\/types\/page"}],"author":[{"embeddable":true,"href":"https:\/\/fidgetzabawki.pl\/index.php?rest_route=\/wp\/v2\/users\/1"}],"replies":[{"embeddable":true,"href":"https:\/\/fidgetzabawki.pl\/index.php?rest_route=%2Fwp%2Fv2%2Fcomments&post=93"}],"version-history":[{"count":15,"href":"https:\/\/fidgetzabawki.pl\/index.php?rest_route=\/wp\/v2\/pages\/93\/revisions"}],"predecessor-version":[{"id":123,"href":"https:\/\/fidgetzabawki.pl\/index.php?rest_route=\/wp\/v2\/pages\/93\/revisions\/123"}],"wp:attachment":[{"href":"https:\/\/fidgetzabawki.pl\/index.php?rest_route=%2Fwp%2Fv2%2Fmedia&parent=93"}],"curies":[{"name":"wp","href":"https:\/\/api.w.org\/{rel}","templated":true}]}}